{"id":42557,"date":"2023-09-12T12:22:42","date_gmt":"2023-09-12T12:22:42","guid":{"rendered":"http:\/\/proacta.si\/izdelek\/moc-diha\/"},"modified":"2023-10-14T11:29:55","modified_gmt":"2023-10-14T11:29:55","slug":"the-power-of-breath","status":"publish","type":"product","link":"https:\/\/proacta.si\/en\/izdelek\/the-power-of-breath\/","title":{"rendered":"The Power of Breath"},"content":{"rendered":"<p><strong>Discover the Mysterious Power of Breathing!<\/strong><\/p>\n<p><strong>\u201cThe Power of Breath: A 24-Hour Guide to Transforming Your Life Through Conscious Breathing\u201d <\/strong><\/p>\n<p>Foreword:<\/p>\n<ul>\n<li>Patrick McKeown, author of \u201cThe Oxygen Advantage\u201d and founder of Buteyko Clinic International<\/li>\n<\/ul>\n<p><strong>Pre-Order Now and Get Bonuses<\/strong><\/p>\n<p>Immerse yourself in \u201c<strong>The Power of Breath,\u201d <\/strong>a book that will guide you step by step through your daily life and reveal masterful breathing exercises tailored to every moment of your day. From the first conscious breath when you wake up, through your morning rituals, work challenges, and household tasks to the calm breath that will escort you into your dreams. This book is not just a collection of exercises\u2014it is your personal guide, gently reminding you of the importance of conscious breathing and inviting you to rediscover and strengthen your connection with yourself. Each technique presented is like a precious recipe that enriches your awareness, enhances your vitality, and brings you a sense of freshness, energy, and holistic health. Allow \u201cThe Power of Breath\u201d to awaken you and take you on a journey where every breath is an opportunity for a new beginning.<\/p>\n<p>&nbsp;<\/p>\n<p><strong>The Power of Breath <\/strong>is not just a book; it is your path to a deeper connection with yourself. Discover the transformation of your life through the power of conscious breathing. But that&#8217;s not all this unique book has to offer. When you buy the book, you get many additional benefits:<\/p>\n<ul>\n<li><strong>Interactive learning<\/strong>: Get exclusive access to a web app with 11 selected videos of breathing exercises. Deepen your understanding through visual guides.<\/li>\n<li><strong>Additional chapters<\/strong>: Discover chapters that were too large for the print edition. More knowledge, more power.<\/li>\n<li><strong>Subscription benefits<\/strong>: Receive an attractive discount on a year&#8217;s subscription to the premium version of the book. Unlock all videos, extra content, articles, trivia, links, etc.<\/li>\n<li><strong>The Power of Breath Community<\/strong>: By registering your book, you become part of a larger group. Connect with like-minded people, share experiences, and get answers to the questions on your mind.<\/li>\n<\/ul>\n<p>Go beyond the traditional boundaries of the printed book and take full advantage of the digital age.<\/p>\n<p>&nbsp;<\/p>\n<p><strong>Pre-order Now and Get Bonuses<\/strong><\/p>\n<p>&nbsp;<\/p>\n<blockquote><p>They said of the book:<\/p>\n<p><em>&#8220;A brilliant book that cries out to be taken from theory to practice. In this case, the book is literally life-changing, as breathing is the key to managing and balancing all levels of our being.&#8221;<\/em><\/p>\n<p>Jasmina Kandorfer, freelance researcher, TV host of \u201cCoffee Chat\u201d<\/p><\/blockquote>\n<p>&nbsp;<\/p>\n<blockquote><p><em>&#8220;In his comprehensive manual &#8216;The Power of Breath&#8217;, Janez Hudovernik highlights the transformative power of conscious breathing, a universal tool that combines ancient wisdom with modern science and has the ability to improve overall health, mood, concentration, and longevity, ultimately openining the path to self-knowledge and empowerment.&#8221;<\/em><\/p>\n<p>Patrick McKeown, author of \u201cThe Breathing Cure\u201d<\/p><\/blockquote>\n<p>&nbsp;<\/p>\n<blockquote><p><em>&#8220;Janez&#8217;s book offers what people need: simple, concrete, straightforward, practical, and systematic approaches to harnessing the power of breath, the most accessible tool for managing stress and improving health.&#8221;<\/em><\/p>\n<p>Suzana Pozni\u010d \u010ci\u017emek, PONSIA, lecturer, coach, and business skills trainer<\/p><\/blockquote>\n<p>&nbsp;<\/p>\n<blockquote><p>&#8220;<em>Everything you ever wanted to know about breathing is here for you<\/em>. It is the complete &#8216;breathing bible,&#8217; guiding you through every possible question you can think of. Whether you are curious, intrigued, or passionate about how to make the most of your God-given gift of breathing advantage, Janez&#8217;s book will meet all your desires and expectations. He is a true master of the art of breathing!&#8221;<\/p>\n<p>Ch\u00e9rie Carter-Scott, PhD, MCC, bestselling author of \u201cIf Life Is a Game, These Are the Rules,\u201d and is &#8220;The Mother of Coaching since 1974&#8221;<\/p><\/blockquote>\n<p>&nbsp;<\/p>\n<blockquote><p><em>&#8220;Everyone, regardless of experience, can find an effective solution for their personal or professional life in Janez Hudovernik&#8217;s book. Anyone who has already identified a situation in which he or she could be better will find a practical solution in &#8216;The Power of Breath.&#8217; The very wide range of effective solutions is what makes this book extremely valuable.&#8221;<\/em><\/p>\n<p>Ambro\u017e Cevc, coach and author of the Flow workout, Zlata pentlja<\/p>\n<p>&nbsp;<\/p>\n<p><em>\u201c\u2019The Power of Breath: A 24-Hour Guide to Transforming Your Life Through Cconscious Breathing\u2019 is a comprehensive resource of breathing knowledge and techniques, and I recommend it to anyone who wants to improve their well-being and health.\u201d<\/em><\/p>\n<p>Gregor Pepel, Director of Parnad d.o.o.<\/p><\/blockquote>\n<p>&nbsp;<\/p>\n<p><strong>Pre-Order Benefits:<\/strong><\/p>\n<ul>\n<li>Access to an online classroom with 11 breathing exercises<\/li>\n<li>Breathe with the full e-booklet<\/li>\n<li>Exclusive access to a live virtual book launch event on November 25th, 2023<\/li>\n<li>Participation in a prize draw for a 45-minute virtual one-on-one coaching session with me<\/li>\n<li>Discount on my first book, \u201c<strong>Successful Under Pressure<\/strong>.\u201d Pre-order \u201cThe Power of Breath\u201d for only \u20ac15 (postage and VAT included)<\/li>\n<li>Discount on the Premium Digital Book Package with all exercises and additional chapters presented<\/li>\n<\/ul>\n<p>&nbsp;<\/p>\n<p>&nbsp;<\/p>\n","protected":false},"excerpt":{"rendered":"<p><strong>Discover the Mysterious Power of Breathing!<\/strong><\/p>\n<p>\u201cThe Power of Breath: A 24-Hour Guide to Transforming Your Life Through Conscious Breathing\u201d<\/p>\n","protected":false},"featured_media":0,"comment_status":"open","ping_status":"closed","template":"","meta":{"_monsterinsights_skip_tracking":false,"_monsterinsights_sitenote_active":false,"_monsterinsights_sitenote_note":"","_monsterinsights_sitenote_category":0},"product_brand":[],"product_cat":[521],"product_tag":[],"class_list":{"0":"post-42557","1":"product","2":"type-product","3":"status-publish","5":"product_cat-books","7":"first","8":"instock","9":"shipping-taxable","10":"purchasable","11":"product-type-simple"},"aioseo_notices":[],"_links":{"self":[{"href":"https:\/\/proacta.si\/en\/wp-json\/wp\/v2\/product\/42557","targetHints":{"allow":["GET"]}}],"collection":[{"href":"https:\/\/proacta.si\/en\/wp-json\/wp\/v2\/product"}],"about":[{"href":"https:\/\/proacta.si\/en\/wp-json\/wp\/v2\/types\/product"}],"replies":[{"embeddable":true,"href":"https:\/\/proacta.si\/en\/wp-json\/wp\/v2\/comments?post=42557"}],"version-history":[{"count":2,"href":"https:\/\/proacta.si\/en\/wp-json\/wp\/v2\/product\/42557\/revisions"}],"predecessor-version":[{"id":42559,"href":"https:\/\/proacta.si\/en\/wp-json\/wp\/v2\/product\/42557\/revisions\/42559"}],"wp:attachment":[{"href":"https:\/\/proacta.si\/en\/wp-json\/wp\/v2\/media?parent=42557"}],"wp:term":[{"taxonomy":"product_brand","embeddable":true,"href":"https:\/\/proacta.si\/en\/wp-json\/wp\/v2\/product_brand?post=42557"},{"taxonomy":"product_cat","embeddable":true,"href":"https:\/\/proacta.si\/en\/wp-json\/wp\/v2\/product_cat?post=42557"},{"taxonomy":"product_tag","embeddable":true,"href":"https:\/\/proacta.si\/en\/wp-json\/wp\/v2\/product_tag?post=42557"}],"curies":[{"name":"wp","href":"https:\/\/api.w.org\/{rel}","templated":true}]}}